{"id":54,"date":"2022-07-25T07:37:13","date_gmt":"2022-07-25T07:37:13","guid":{"rendered":"https:\/\/leacalori.fr\/?page_id=54"},"modified":"2024-07-19T09:20:25","modified_gmt":"2024-07-19T09:20:25","slug":"a-propos","status":"publish","type":"page","link":"https:\/\/leacalori.fr\/?page_id=54","title":{"rendered":"\u00e0 propos"},"content":{"rendered":"\t\t<div data-elementor-type=\"wp-page\" data-elementor-id=\"54\" class=\"elementor elementor-54\">\n\t\t\t\t\t\t\t\t\t<section class=\"elementor-section elementor-top-section elementor-element elementor-element-6059508 elementor-section-boxed elementor-section-height-default elementor-section-height-default\" data-id=\"6059508\" data-element_type=\"section\">\n\t\t\t\t\t\t<div class=\"elementor-container elementor-column-gap-default\">\n\t\t\t\t\t<div class=\"elementor-column elementor-col-100 elementor-top-column elementor-element elementor-element-a12c564\" data-id=\"a12c564\" data-element_type=\"column\">\n\t\t\t<div class=\"elementor-widget-wrap elementor-element-populated\">\n\t\t\t\t\t\t\t\t<div class=\"elementor-element elementor-element-da02a6c elementor-widget elementor-widget-spacer\" data-id=\"da02a6c\" data-element_type=\"widget\" data-widget_type=\"spacer.default\">\n\t\t\t\t<div class=\"elementor-widget-container\">\n\t\t\t<style>\/*! elementor - v3.6.7 - 03-07-2022 *\/\n.e-container.e-container--row .elementor-spacer-inner{width:var(--spacer-size)}.e-container.e-container--column .elementor-spacer-inner,.elementor-column .elementor-spacer-inner{height:var(--spacer-size)}<\/style>\t\t<div class=\"elementor-spacer\">\n\t\t\t<div class=\"elementor-spacer-inner\"><\/div>\n\t\t<\/div>\n\t\t\t\t<\/div>\n\t\t\t\t<\/div>\n\t\t\t\t<div class=\"elementor-element elementor-element-127e03a animated-slow elementor-invisible elementor-widget elementor-widget-heading\" data-id=\"127e03a\" data-element_type=\"widget\" data-settings=\"{&quot;_animation&quot;:&quot;fadeInUp&quot;}\" data-widget_type=\"heading.default\">\n\t\t\t\t<div class=\"elementor-widget-container\">\n\t\t\t<style>\/*! elementor - v3.6.7 - 03-07-2022 *\/\n.elementor-heading-title{padding:0;margin:0;line-height:1}.elementor-widget-heading .elementor-heading-title[class*=elementor-size-]>a{color:inherit;font-size:inherit;line-height:inherit}.elementor-widget-heading .elementor-heading-title.elementor-size-small{font-size:15px}.elementor-widget-heading .elementor-heading-title.elementor-size-medium{font-size:19px}.elementor-widget-heading .elementor-heading-title.elementor-size-large{font-size:29px}.elementor-widget-heading .elementor-heading-title.elementor-size-xl{font-size:39px}.elementor-widget-heading .elementor-heading-title.elementor-size-xxl{font-size:59px}<\/style><h2 class=\"elementor-heading-title elementor-size-default\">BIOGRAPHIE<\/h2>\t\t<\/div>\n\t\t\t\t<\/div>\n\t\t\t\t\t<\/div>\n\t\t<\/div>\n\t\t\t\t\t\t\t<\/div>\n\t\t<\/section>\n\t\t\t\t<section class=\"elementor-section elementor-top-section elementor-element elementor-element-b8bc797 elementor-section-boxed elementor-section-height-default elementor-section-height-default\" data-id=\"b8bc797\" data-element_type=\"section\">\n\t\t\t\t\t\t<div class=\"elementor-container elementor-column-gap-default\">\n\t\t\t\t\t<div class=\"elementor-column elementor-col-100 elementor-top-column elementor-element elementor-element-cd49aaa\" data-id=\"cd49aaa\" data-element_type=\"column\">\n\t\t\t<div class=\"elementor-widget-wrap elementor-element-populated\">\n\t\t\t\t\t\t\t\t<section class=\"elementor-section elementor-inner-section elementor-element elementor-element-2b7ecab elementor-section-boxed elementor-section-height-default elementor-section-height-default\" data-id=\"2b7ecab\" data-element_type=\"section\">\n\t\t\t\t\t\t<div class=\"elementor-container elementor-column-gap-default\">\n\t\t\t\t\t<div class=\"elementor-column elementor-col-50 elementor-inner-column elementor-element elementor-element-e1ea340\" data-id=\"e1ea340\" data-element_type=\"column\">\n\t\t\t<div class=\"elementor-widget-wrap elementor-element-populated\">\n\t\t\t\t\t\t\t\t<div class=\"elementor-element elementor-element-4d2b000 animated-slow elementor-invisible elementor-widget elementor-widget-image\" data-id=\"4d2b000\" data-element_type=\"widget\" data-settings=\"{&quot;_animation&quot;:&quot;fadeInUp&quot;}\" data-widget_type=\"image.default\">\n\t\t\t\t<div class=\"elementor-widget-container\">\n\t\t\t<style>\/*! elementor - v3.6.7 - 03-07-2022 *\/\n.elementor-widget-image{text-align:center}.elementor-widget-image a{display:inline-block}.elementor-widget-image a img[src$=\".svg\"]{width:48px}.elementor-widget-image img{vertical-align:middle;display:inline-block}<\/style>\t\t\t\t\t\t\t\t\t\t\t\t<img width=\"924\" height=\"924\" src=\"https:\/\/leacalori.fr\/wp-content\/uploads\/2022\/11\/IMG_0230-1024x1024.jpeg\" class=\"attachment-large size-large\" alt=\"\" loading=\"lazy\" srcset=\"https:\/\/leacalori.fr\/wp-content\/uploads\/2022\/11\/IMG_0230-1024x1024.jpeg 1024w, https:\/\/leacalori.fr\/wp-content\/uploads\/2022\/11\/IMG_0230-300x300.jpeg 300w, https:\/\/leacalori.fr\/wp-content\/uploads\/2022\/11\/IMG_0230-150x150.jpeg 150w, https:\/\/leacalori.fr\/wp-content\/uploads\/2022\/11\/IMG_0230-768x768.jpeg 768w, https:\/\/leacalori.fr\/wp-content\/uploads\/2022\/11\/IMG_0230-1536x1536.jpeg 1536w, https:\/\/leacalori.fr\/wp-content\/uploads\/2022\/11\/IMG_0230-924x924.jpeg 924w, https:\/\/leacalori.fr\/wp-content\/uploads\/2022\/11\/IMG_0230-671x671.jpeg 671w, https:\/\/leacalori.fr\/wp-content\/uploads\/2022\/11\/IMG_0230-600x600.jpeg 600w, https:\/\/leacalori.fr\/wp-content\/uploads\/2022\/11\/IMG_0230-100x100.jpeg 100w, https:\/\/leacalori.fr\/wp-content\/uploads\/2022\/11\/IMG_0230.jpeg 2000w\" sizes=\"(max-width: 924px) 100vw, 924px\" \/>\t\t\t\t\t\t\t\t\t\t\t\t\t\t\t<\/div>\n\t\t\t\t<\/div>\n\t\t\t\t\t<\/div>\n\t\t<\/div>\n\t\t\t\t<div class=\"elementor-column elementor-col-50 elementor-inner-column elementor-element elementor-element-2bf869c\" data-id=\"2bf869c\" data-element_type=\"column\">\n\t\t\t<div class=\"elementor-widget-wrap elementor-element-populated\">\n\t\t\t\t\t\t\t\t<div class=\"elementor-element elementor-element-538245c elementor-widget elementor-widget-spacer\" data-id=\"538245c\" data-element_type=\"widget\" data-widget_type=\"spacer.default\">\n\t\t\t\t<div class=\"elementor-widget-container\">\n\t\t\t\t\t<div class=\"elementor-spacer\">\n\t\t\t<div class=\"elementor-spacer-inner\"><\/div>\n\t\t<\/div>\n\t\t\t\t<\/div>\n\t\t\t\t<\/div>\n\t\t\t\t<div class=\"elementor-element elementor-element-e5ed1bf animated-slow elementor-invisible elementor-widget elementor-widget-text-editor\" data-id=\"e5ed1bf\" data-element_type=\"widget\" data-settings=\"{&quot;_animation&quot;:&quot;fadeInUp&quot;}\" data-widget_type=\"text-editor.default\">\n\t\t\t\t<div class=\"elementor-widget-container\">\n\t\t\t<style>\/*! elementor - v3.6.7 - 03-07-2022 *\/\n.elementor-widget-text-editor.elementor-drop-cap-view-stacked .elementor-drop-cap{background-color:#818a91;color:#fff}.elementor-widget-text-editor.elementor-drop-cap-view-framed .elementor-drop-cap{color:#818a91;border:3px solid;background-color:transparent}.elementor-widget-text-editor:not(.elementor-drop-cap-view-default) .elementor-drop-cap{margin-top:8px}.elementor-widget-text-editor:not(.elementor-drop-cap-view-default) .elementor-drop-cap-letter{width:1em;height:1em}.elementor-widget-text-editor .elementor-drop-cap{float:left;text-align:center;line-height:1;font-size:50px}.elementor-widget-text-editor .elementor-drop-cap-letter{display:inline-block}<\/style>\t\t\t\t<p>\u00a0 Originaire de la Vall\u00e9e Verte, en Haute-Savoie, j&rsquo;ai eu le privil\u00e8ge de grandir entour\u00e9e par les montagnes. Tout a commenc\u00e9 par des explorations enfantines dans les for\u00eats et les champs, des cabanes foresti\u00e8res, le regard curieux et l&rsquo;\u00e9vidence d&rsquo;une passion pour le monde sauvage. Quand la m\u00e9t\u00e9o ne me permettait pas ces petites exp\u00e9ditions, mon attrait pour le dehors se dessinait sur des feuilles et des carnets, des livres de nature illustr\u00e9s en guise de mod\u00e8les.<\/p><p>\u00a0 En grandissant \u2013 l&rsquo;esprit un peu rebelle \u2013 le besoin de m&rsquo;exprimer par l&rsquo;art est devenue primordial. Apr\u00e8s l&rsquo;obtention de mon bac, j\u2019ai \u00e9t\u00e9 admise aux Beaux-Arts. Trois ann\u00e9es d&rsquo;\u00e9tudes dans la Dr\u00f4me o\u00f9 le Vercors a \u00e9t\u00e9 mon lieu de refuge. Dans ce massif calcaire o\u00f9 tout pousse \u00e0 l&rsquo;ouverture du regard, la photographie a pris une place importante dans mon quotidien.<\/p><p>\u00a0 \u00a0S\u2019\u00e9chapper du monde et reprendre son souffle.<\/p><p>\u00a0 Mon dipl\u00f4me national d&rsquo;art dans la poche et la certitude que mon appareil photo m&rsquo;accompagnera un peu partout, c&rsquo;est sur les sentiers montagneux et forestiers que je me laisse bercer par la beaut\u00e9 des paysages, des rencontres animali\u00e8res et humaines.\u00a0<\/p><p>\u00a0 Ecrire par l&rsquo;image ce que le dehors a le pouvoir de transmettre. Un voyage personnel vers l&rsquo;\u00e9merveillement de la simplicit\u00e9. Alors, mon sac sur le dos et le regard plong\u00e9 dans un monde magnifique que nous avons le devoir de respecter, je rapporte des morceaux de ces endroits qui me font tant r\u00eaver.<\/p>\t\t\t\t\t\t<\/div>\n\t\t\t\t<\/div>\n\t\t\t\t\t<\/div>\n\t\t<\/div>\n\t\t\t\t\t\t\t<\/div>\n\t\t<\/section>\n\t\t\t\t\t<\/div>\n\t\t<\/div>\n\t\t\t\t\t\t\t<\/div>\n\t\t<\/section>\n\t\t\t\t<section class=\"elementor-section elementor-top-section elementor-element elementor-element-a3b5d8f elementor-section-boxed elementor-section-height-default elementor-section-height-default\" data-id=\"a3b5d8f\" data-element_type=\"section\">\n\t\t\t\t\t\t<div class=\"elementor-container elementor-column-gap-default\">\n\t\t\t\t\t<div class=\"elementor-column elementor-col-100 elementor-top-column elementor-element elementor-element-6cc8b3a\" data-id=\"6cc8b3a\" data-element_type=\"column\">\n\t\t\t<div class=\"elementor-widget-wrap elementor-element-populated\">\n\t\t\t\t\t\t\t\t<div class=\"elementor-element elementor-element-ae9126c elementor-widget elementor-widget-spacer\" data-id=\"ae9126c\" data-element_type=\"widget\" data-widget_type=\"spacer.default\">\n\t\t\t\t<div class=\"elementor-widget-container\">\n\t\t\t\t\t<div class=\"elementor-spacer\">\n\t\t\t<div class=\"elementor-spacer-inner\"><\/div>\n\t\t<\/div>\n\t\t\t\t<\/div>\n\t\t\t\t<\/div>\n\t\t\t\t\t<\/div>\n\t\t<\/div>\n\t\t\t\t\t\t\t<\/div>\n\t\t<\/section>\n\t\t\t\t<section class=\"elementor-section elementor-top-section elementor-element elementor-element-f3ceb34 elementor-section-boxed elementor-section-height-default elementor-section-height-default\" data-id=\"f3ceb34\" data-element_type=\"section\">\n\t\t\t\t\t\t<div class=\"elementor-container elementor-column-gap-default\">\n\t\t\t\t\t<div class=\"elementor-column elementor-col-100 elementor-top-column elementor-element elementor-element-cb4e9dc\" data-id=\"cb4e9dc\" data-element_type=\"column\">\n\t\t\t<div class=\"elementor-widget-wrap elementor-element-populated\">\n\t\t\t\t\t\t\t\t<div class=\"elementor-element elementor-element-e9178da animated-slow elementor-invisible elementor-widget elementor-widget-heading\" data-id=\"e9178da\" data-element_type=\"widget\" data-settings=\"{&quot;_animation&quot;:&quot;fadeInUp&quot;}\" data-widget_type=\"heading.default\">\n\t\t\t\t<div class=\"elementor-widget-container\">\n\t\t\t<h2 class=\"elementor-heading-title elementor-size-default\">CONTACTS<\/h2>\t\t<\/div>\n\t\t\t\t<\/div>\n\t\t\t\t\t<\/div>\n\t\t<\/div>\n\t\t\t\t\t\t\t<\/div>\n\t\t<\/section>\n\t\t\t\t<section class=\"elementor-section elementor-top-section elementor-element elementor-element-c43c02d elementor-section-boxed elementor-section-height-default elementor-section-height-default\" data-id=\"c43c02d\" data-element_type=\"section\">\n\t\t\t\t\t\t<div class=\"elementor-container elementor-column-gap-default\">\n\t\t\t\t\t<div class=\"elementor-column elementor-col-100 elementor-top-column elementor-element elementor-element-c4a082a\" data-id=\"c4a082a\" data-element_type=\"column\">\n\t\t\t<div class=\"elementor-widget-wrap\">\n\t\t\t\t\t\t\t\t\t<\/div>\n\t\t<\/div>\n\t\t\t\t\t\t\t<\/div>\n\t\t<\/section>\n\t\t\t\t<section class=\"elementor-section elementor-top-section elementor-element elementor-element-3afc213 elementor-section-boxed elementor-section-height-default elementor-section-height-default\" data-id=\"3afc213\" data-element_type=\"section\">\n\t\t\t\t\t\t<div class=\"elementor-container elementor-column-gap-default\">\n\t\t\t\t\t<div class=\"elementor-column elementor-col-100 elementor-top-column elementor-element elementor-element-d0baf74\" data-id=\"d0baf74\" data-element_type=\"column\">\n\t\t\t<div class=\"elementor-widget-wrap elementor-element-populated\">\n\t\t\t\t\t\t\t\t<section class=\"elementor-section elementor-inner-section elementor-element elementor-element-ab0b828 elementor-section-boxed elementor-section-height-default elementor-section-height-default\" data-id=\"ab0b828\" data-element_type=\"section\">\n\t\t\t\t\t\t<div class=\"elementor-container elementor-column-gap-default\">\n\t\t\t\t\t<div class=\"elementor-column elementor-col-50 elementor-inner-column elementor-element elementor-element-23aaa6b\" data-id=\"23aaa6b\" data-element_type=\"column\">\n\t\t\t<div class=\"elementor-widget-wrap elementor-element-populated\">\n\t\t\t\t\t\t\t\t<div class=\"elementor-element elementor-element-95fe74f animated-slow elementor-invisible elementor-widget elementor-widget-text-editor\" data-id=\"95fe74f\" data-element_type=\"widget\" data-settings=\"{&quot;_animation&quot;:&quot;fadeInUp&quot;}\" data-widget_type=\"text-editor.default\">\n\t\t\t\t<div class=\"elementor-widget-container\">\n\t\t\t\t\t\t\t<p><span style=\"font-family: var( --e-global-typography-56045da-font-family ), Sans-serif; font-size: var( --e-global-typography-56045da-font-size ); font-weight: var( --e-global-typography-56045da-font-weight );\">T\u00e9l\u00e9phone : 06 63 77 34 07<\/span><\/p><p>e-mail : leacalori74@gmail.com<\/p>\t\t\t\t\t\t<\/div>\n\t\t\t\t<\/div>\n\t\t\t\t\t<\/div>\n\t\t<\/div>\n\t\t\t\t<div class=\"elementor-column elementor-col-50 elementor-inner-column elementor-element elementor-element-3927e16\" data-id=\"3927e16\" data-element_type=\"column\">\n\t\t\t<div class=\"elementor-widget-wrap elementor-element-populated\">\n\t\t\t\t\t\t\t\t<div class=\"elementor-element elementor-element-285fc8d elementor-align-center animated-slow elementor-invisible elementor-widget elementor-widget-button\" data-id=\"285fc8d\" data-element_type=\"widget\" data-settings=\"{&quot;_animation&quot;:&quot;fadeInUp&quot;}\" data-widget_type=\"button.default\">\n\t\t\t\t<div class=\"elementor-widget-container\">\n\t\t\t\t\t<div class=\"elementor-button-wrapper\">\n\t\t\t<a href=\"https:\/\/www.instagram.com\/lea_calori\/\" target=\"_blank\" class=\"elementor-button-link elementor-button elementor-size-md\" role=\"button\">\n\t\t\t\t\t\t<span class=\"elementor-button-content-wrapper\">\n\t\t\t\t\t\t\t<span class=\"elementor-button-icon elementor-align-icon-left\">\n\t\t\t\t<i aria-hidden=\"true\" class=\"fab fa-instagram\"><\/i>\t\t\t<\/span>\n\t\t\t\t\t\t<span class=\"elementor-button-text\">lea_calori<\/span>\n\t\t<\/span>\n\t\t\t\t\t<\/a>\n\t\t<\/div>\n\t\t\t\t<\/div>\n\t\t\t\t<\/div>\n\t\t\t\t<div class=\"elementor-element elementor-element-3b4053d elementor-align-center animated-slow elementor-invisible elementor-widget elementor-widget-button\" data-id=\"3b4053d\" data-element_type=\"widget\" data-settings=\"{&quot;_animation&quot;:&quot;fadeInUp&quot;}\" data-widget_type=\"button.default\">\n\t\t\t\t<div class=\"elementor-widget-container\">\n\t\t\t\t\t<div class=\"elementor-button-wrapper\">\n\t\t\t<a href=\"https:\/\/www.facebook.com\/profile.php?id=100063723463469\" target=\"_blank\" class=\"elementor-button-link elementor-button elementor-size-md\" role=\"button\">\n\t\t\t\t\t\t<span class=\"elementor-button-content-wrapper\">\n\t\t\t\t\t\t\t<span class=\"elementor-button-icon elementor-align-icon-left\">\n\t\t\t\t<i aria-hidden=\"true\" class=\"fab fa-facebook\"><\/i>\t\t\t<\/span>\n\t\t\t\t\t\t<span class=\"elementor-button-text\">Halka Photo - L\u00e9a Calori<\/span>\n\t\t<\/span>\n\t\t\t\t\t<\/a>\n\t\t<\/div>\n\t\t\t\t<\/div>\n\t\t\t\t<\/div>\n\t\t\t\t\t<\/div>\n\t\t<\/div>\n\t\t\t\t\t\t\t<\/div>\n\t\t<\/section>\n\t\t\t\t\t<\/div>\n\t\t<\/div>\n\t\t\t\t\t\t\t<\/div>\n\t\t<\/section>\n\t\t\t\t<section class=\"elementor-section elementor-top-section elementor-element elementor-element-db8798c elementor-section-boxed elementor-section-height-default elementor-section-height-default\" data-id=\"db8798c\" data-element_type=\"section\">\n\t\t\t\t\t\t<div class=\"elementor-container elementor-column-gap-default\">\n\t\t\t\t\t<div class=\"elementor-column elementor-col-100 elementor-top-column elementor-element elementor-element-d229a54\" data-id=\"d229a54\" data-element_type=\"column\">\n\t\t\t<div class=\"elementor-widget-wrap elementor-element-populated\">\n\t\t\t\t\t\t\t\t<div class=\"elementor-element elementor-element-516d90b elementor-widget elementor-widget-spacer\" data-id=\"516d90b\" data-element_type=\"widget\" data-widget_type=\"spacer.default\">\n\t\t\t\t<div class=\"elementor-widget-container\">\n\t\t\t\t\t<div class=\"elementor-spacer\">\n\t\t\t<div class=\"elementor-spacer-inner\"><\/div>\n\t\t<\/div>\n\t\t\t\t<\/div>\n\t\t\t\t<\/div>\n\t\t\t\t\t<\/div>\n\t\t<\/div>\n\t\t\t\t\t\t\t<\/div>\n\t\t<\/section>\n\t\t\t\t\t\t\t<\/div>\n\t\t","protected":false},"excerpt":{"rendered":"<p>BIOGRAPHIE \u00a0 Originaire de la Vall\u00e9e Verte, en Haute-Savoie, j&rsquo;ai eu le privil\u00e8ge de grandir entour\u00e9e par les montagnes. Tout a commenc\u00e9 par des explorations enfantines dans les for\u00eats et les champs, des cabanes foresti\u00e8res, le regard curieux et l&rsquo;\u00e9vidence d&rsquo;une passion pour le monde sauvage. Quand la m\u00e9t\u00e9o ne me permettait pas ces petites [&hellip;]<\/p>\n","protected":false},"author":1,"featured_media":0,"parent":0,"menu_order":0,"comment_status":"closed","ping_status":"closed","template":"elementor_header_footer","meta":{"om_disable_all_campaigns":false,"_monsterinsights_skip_tracking":false,"_monsterinsights_sitenote_active":false,"_monsterinsights_sitenote_note":"","_monsterinsights_sitenote_category":0},"aioseo_notices":[],"_links":{"self":[{"href":"https:\/\/leacalori.fr\/index.php?rest_route=\/wp\/v2\/pages\/54"}],"collection":[{"href":"https:\/\/leacalori.fr\/index.php?rest_route=\/wp\/v2\/pages"}],"about":[{"href":"https:\/\/leacalori.fr\/index.php?rest_route=\/wp\/v2\/types\/page"}],"author":[{"embeddable":true,"href":"https:\/\/leacalori.fr\/index.php?rest_route=\/wp\/v2\/users\/1"}],"replies":[{"embeddable":true,"href":"https:\/\/leacalori.fr\/index.php?rest_route=%2Fwp%2Fv2%2Fcomments&post=54"}],"version-history":[{"count":94,"href":"https:\/\/leacalori.fr\/index.php?rest_route=\/wp\/v2\/pages\/54\/revisions"}],"predecessor-version":[{"id":644,"href":"https:\/\/leacalori.fr\/index.php?rest_route=\/wp\/v2\/pages\/54\/revisions\/644"}],"wp:attachment":[{"href":"https:\/\/leacalori.fr\/index.php?rest_route=%2Fwp%2Fv2%2Fmedia&parent=54"}],"curies":[{"name":"wp","href":"https:\/\/api.w.org\/{rel}","templated":true}]}}